{"id":663,"date":"2026-04-09T19:11:41","date_gmt":"2026-04-09T19:11:41","guid":{"rendered":"https:\/\/inaba-shop.com\/?post_type=product&#038;p=663"},"modified":"2026-04-09T19:11:41","modified_gmt":"2026-04-09T19:11:41","slug":"robe-ample-avec-des-boutons","status":"publish","type":"product","link":"https:\/\/inaba-shop.com\/index.php\/produit\/robe-ample-avec-des-boutons\/","title":{"rendered":"Robe ample avec des boutons"},"content":{"rendered":"<p>Tr\u00e8s belle robe l\u00e9g\u00e8re avec une belle coupe Tissu de bonne qualit\u00e9 qui ne bouloche pas Vrais boutons Deux poches Taille unique<\/p>\n","protected":false},"excerpt":{"rendered":"<p>Tr\u00e8s belle robe l\u00e9g\u00e8re avec une belle coupe Tissu de bonne qualit\u00e9 qui ne bouloche pas Vrais boutons Deux poches Taille unique<\/p>\n","protected":false},"featured_media":668,"comment_status":"open","ping_status":"closed","template":"","meta":[],"product_brand":[],"product_cat":[15],"product_tag":[],"class_list":{"0":"post-663","1":"product","2":"type-product","3":"status-publish","4":"has-post-thumbnail","6":"product_cat-uncategorized","8":"first","9":"instock","10":"taxable","11":"shipping-taxable","12":"purchasable","13":"product-type-simple"},"jetpack_sharing_enabled":true,"_links":{"self":[{"href":"https:\/\/inaba-shop.com\/index.php\/wp-json\/wp\/v2\/product\/663","targetHints":{"allow":["GET"]}}],"collection":[{"href":"https:\/\/inaba-shop.com\/index.php\/wp-json\/wp\/v2\/product"}],"about":[{"href":"https:\/\/inaba-shop.com\/index.php\/wp-json\/wp\/v2\/types\/product"}],"replies":[{"embeddable":true,"href":"https:\/\/inaba-shop.com\/index.php\/wp-json\/wp\/v2\/comments?post=663"}],"wp:featuredmedia":[{"embeddable":true,"href":"https:\/\/inaba-shop.com\/index.php\/wp-json\/wp\/v2\/media\/668"}],"wp:attachment":[{"href":"https:\/\/inaba-shop.com\/index.php\/wp-json\/wp\/v2\/media?parent=663"}],"wp:term":[{"taxonomy":"product_brand","embeddable":true,"href":"https:\/\/inaba-shop.com\/index.php\/wp-json\/wp\/v2\/product_brand?post=663"},{"taxonomy":"product_cat","embeddable":true,"href":"https:\/\/inaba-shop.com\/index.php\/wp-json\/wp\/v2\/product_cat?post=663"},{"taxonomy":"product_tag","embeddable":true,"href":"https:\/\/inaba-shop.com\/index.php\/wp-json\/wp\/v2\/product_tag?post=663"}],"curies":[{"name":"wp","href":"https:\/\/api.w.org\/{rel}","templated":true}]}}