{"id":658,"date":"2026-04-09T19:05:50","date_gmt":"2026-04-09T19:05:50","guid":{"rendered":"https:\/\/inaba-shop.com\/?post_type=product&#038;p=658"},"modified":"2026-04-10T08:49:23","modified_gmt":"2026-04-10T08:49:23","slug":"robe-abaya-manches-modulables-a-zip","status":"publish","type":"product","link":"https:\/\/inaba-shop.com\/index.php\/produit\/robe-abaya-manches-modulables-a-zip\/","title":{"rendered":"Robe abaya manches modulables \u00e0 zip"},"content":{"rendered":"<p>Coupe ample et mastour Grande fermeture \u00e9clair id\u00e9al allaitement Manche droit qu on peut serrer gr\u00e2ce \u00e0 des fils Finition parfaite Magnifique tissu Propos\u00e9 en vente \u00e0 part Un khimar coupe arrondi Bandeau doubl\u00e9 sans couture Finition tr\u00e8s propre<\/p>\n","protected":false},"excerpt":{"rendered":"<p>Coupe ample et mastour Grande fermeture \u00e9clair id\u00e9al allaitement Manche droit qu on peut serrer gr\u00e2ce \u00e0 des fils Finition parfaite Magnifique tissu Propos\u00e9 en vente \u00e0 part Un khimar coupe arrondi Bandeau doubl\u00e9 sans couture Finition tr\u00e8s propre<\/p>\n","protected":false},"featured_media":661,"comment_status":"open","ping_status":"closed","template":"","meta":[],"product_brand":[],"product_cat":[23],"product_tag":[],"class_list":{"0":"post-658","1":"product","2":"type-product","3":"status-publish","4":"has-post-thumbnail","6":"product_cat-collection-ete","8":"first","9":"instock","10":"taxable","11":"shipping-taxable","12":"purchasable","13":"product-type-variable"},"jetpack_sharing_enabled":true,"_links":{"self":[{"href":"https:\/\/inaba-shop.com\/index.php\/wp-json\/wp\/v2\/product\/658","targetHints":{"allow":["GET"]}}],"collection":[{"href":"https:\/\/inaba-shop.com\/index.php\/wp-json\/wp\/v2\/product"}],"about":[{"href":"https:\/\/inaba-shop.com\/index.php\/wp-json\/wp\/v2\/types\/product"}],"replies":[{"embeddable":true,"href":"https:\/\/inaba-shop.com\/index.php\/wp-json\/wp\/v2\/comments?post=658"}],"wp:featuredmedia":[{"embeddable":true,"href":"https:\/\/inaba-shop.com\/index.php\/wp-json\/wp\/v2\/media\/661"}],"wp:attachment":[{"href":"https:\/\/inaba-shop.com\/index.php\/wp-json\/wp\/v2\/media?parent=658"}],"wp:term":[{"taxonomy":"product_brand","embeddable":true,"href":"https:\/\/inaba-shop.com\/index.php\/wp-json\/wp\/v2\/product_brand?post=658"},{"taxonomy":"product_cat","embeddable":true,"href":"https:\/\/inaba-shop.com\/index.php\/wp-json\/wp\/v2\/product_cat?post=658"},{"taxonomy":"product_tag","embeddable":true,"href":"https:\/\/inaba-shop.com\/index.php\/wp-json\/wp\/v2\/product_tag?post=658"}],"curies":[{"name":"wp","href":"https:\/\/api.w.org\/{rel}","templated":true}]}}