{"id":633,"date":"2026-04-08T10:20:37","date_gmt":"2026-04-08T10:20:37","guid":{"rendered":"https:\/\/inaba-shop.com\/?post_type=product&#038;p=633"},"modified":"2026-04-08T10:20:37","modified_gmt":"2026-04-08T10:20:37","slug":"kimono-robe-avec-khimar","status":"publish","type":"product","link":"https:\/\/inaba-shop.com\/index.php\/produit\/kimono-robe-avec-khimar\/","title":{"rendered":"Kimono robe avec khimar"},"content":{"rendered":"<p>Tissu de qualit\u00e9 il ne bouge pas \u00e9pais et ne colle pas Deux poches lat\u00e9rales Poignets avec des boutons \u00e0 pression Long khimar bandeau doubl\u00e9 sans couture Taille unique 36\/48 Envoie tr\u00e8s rapide<\/p>\n","protected":false},"excerpt":{"rendered":"<p>Tissu de qualit\u00e9 il ne bouge pas \u00e9pais et ne colle pas Deux poches lat\u00e9rales Poignets avec des boutons \u00e0 pression Long khimar bandeau doubl\u00e9 sans couture Taille unique 36\/48 Envoie tr\u00e8s rapide<\/p>\n","protected":false},"featured_media":638,"comment_status":"open","ping_status":"closed","template":"","meta":[],"product_brand":[],"product_cat":[15],"product_tag":[],"class_list":{"0":"post-633","1":"product","2":"type-product","3":"status-publish","4":"has-post-thumbnail","6":"product_cat-uncategorized","8":"first","9":"instock","10":"taxable","11":"shipping-taxable","12":"purchasable","13":"product-type-simple"},"jetpack_sharing_enabled":true,"_links":{"self":[{"href":"https:\/\/inaba-shop.com\/index.php\/wp-json\/wp\/v2\/product\/633","targetHints":{"allow":["GET"]}}],"collection":[{"href":"https:\/\/inaba-shop.com\/index.php\/wp-json\/wp\/v2\/product"}],"about":[{"href":"https:\/\/inaba-shop.com\/index.php\/wp-json\/wp\/v2\/types\/product"}],"replies":[{"embeddable":true,"href":"https:\/\/inaba-shop.com\/index.php\/wp-json\/wp\/v2\/comments?post=633"}],"wp:featuredmedia":[{"embeddable":true,"href":"https:\/\/inaba-shop.com\/index.php\/wp-json\/wp\/v2\/media\/638"}],"wp:attachment":[{"href":"https:\/\/inaba-shop.com\/index.php\/wp-json\/wp\/v2\/media?parent=633"}],"wp:term":[{"taxonomy":"product_brand","embeddable":true,"href":"https:\/\/inaba-shop.com\/index.php\/wp-json\/wp\/v2\/product_brand?post=633"},{"taxonomy":"product_cat","embeddable":true,"href":"https:\/\/inaba-shop.com\/index.php\/wp-json\/wp\/v2\/product_cat?post=633"},{"taxonomy":"product_tag","embeddable":true,"href":"https:\/\/inaba-shop.com\/index.php\/wp-json\/wp\/v2\/product_tag?post=633"}],"curies":[{"name":"wp","href":"https:\/\/api.w.org\/{rel}","templated":true}]}}