{"id":628,"date":"2026-04-08T10:17:39","date_gmt":"2026-04-08T10:17:39","guid":{"rendered":"https:\/\/inaba-shop.com\/?post_type=product&#038;p=628"},"modified":"2026-04-08T10:17:39","modified_gmt":"2026-04-08T10:17:39","slug":"robe-kimono-resserable","status":"publish","type":"product","link":"https:\/\/inaba-shop.com\/index.php\/produit\/robe-kimono-resserable\/","title":{"rendered":"Robe kimono resserable"},"content":{"rendered":"<p>Tissu de qualit\u00e9 qui ne bouge pas aux lavages Deux poches lat\u00e9rales Bouton \u00e0 pression aux niveau du poignet Coupe large et mastour.<\/p>\n","protected":false},"excerpt":{"rendered":"<p>Tissu de qualit\u00e9 qui ne bouge pas aux lavages Deux poches lat\u00e9rales Bouton \u00e0 pression aux niveau du poignet Coupe large et mastour.<\/p>\n","protected":false},"featured_media":632,"comment_status":"open","ping_status":"closed","template":"","meta":[],"product_brand":[],"product_cat":[15],"product_tag":[],"class_list":{"0":"post-628","1":"product","2":"type-product","3":"status-publish","4":"has-post-thumbnail","6":"product_cat-uncategorized","8":"first","9":"instock","10":"taxable","11":"shipping-taxable","12":"purchasable","13":"product-type-simple"},"jetpack_sharing_enabled":true,"_links":{"self":[{"href":"https:\/\/inaba-shop.com\/index.php\/wp-json\/wp\/v2\/product\/628","targetHints":{"allow":["GET"]}}],"collection":[{"href":"https:\/\/inaba-shop.com\/index.php\/wp-json\/wp\/v2\/product"}],"about":[{"href":"https:\/\/inaba-shop.com\/index.php\/wp-json\/wp\/v2\/types\/product"}],"replies":[{"embeddable":true,"href":"https:\/\/inaba-shop.com\/index.php\/wp-json\/wp\/v2\/comments?post=628"}],"wp:featuredmedia":[{"embeddable":true,"href":"https:\/\/inaba-shop.com\/index.php\/wp-json\/wp\/v2\/media\/632"}],"wp:attachment":[{"href":"https:\/\/inaba-shop.com\/index.php\/wp-json\/wp\/v2\/media?parent=628"}],"wp:term":[{"taxonomy":"product_brand","embeddable":true,"href":"https:\/\/inaba-shop.com\/index.php\/wp-json\/wp\/v2\/product_brand?post=628"},{"taxonomy":"product_cat","embeddable":true,"href":"https:\/\/inaba-shop.com\/index.php\/wp-json\/wp\/v2\/product_cat?post=628"},{"taxonomy":"product_tag","embeddable":true,"href":"https:\/\/inaba-shop.com\/index.php\/wp-json\/wp\/v2\/product_tag?post=628"}],"curies":[{"name":"wp","href":"https:\/\/api.w.org\/{rel}","templated":true}]}}