{"id":615,"date":"2026-04-30T09:17:47","date_gmt":"2026-04-30T09:17:47","guid":{"rendered":"https:\/\/inaba-shop.com\/?post_type=product&#038;p=615"},"modified":"2026-04-30T09:19:00","modified_gmt":"2026-04-30T09:19:00","slug":"ensemble-longue-tunique-avec-jupe","status":"publish","type":"product","link":"https:\/\/inaba-shop.com\/index.php\/produit\/ensemble-longue-tunique-avec-jupe\/","title":{"rendered":"Ensemble longue tunique avec jupe"},"content":{"rendered":"<p>Tr\u00e8s beau tissu fluide de qualit\u00e9 ++ en caviary douce fluide et infroissable Longue tunique asym\u00e9trique style faracha avec des boutons ton sur ton Manches larges Jupe \u00e9vas\u00e9e Travail impeccable finition tr\u00e8s propre<\/p>\n","protected":false},"excerpt":{"rendered":"<p>Tr\u00e8s beau tissu fluide de qualit\u00e9 ++ en caviary douce fluide et infroissable Longue tunique asym\u00e9trique style faracha avec des boutons ton sur ton Manches larges Jupe \u00e9vas\u00e9e Travail impeccable finition tr\u00e8s propre<\/p>\n","protected":false},"featured_media":700,"comment_status":"open","ping_status":"closed","template":"","meta":[],"product_brand":[26],"product_cat":[15],"product_tag":[],"class_list":{"0":"post-615","1":"product","2":"type-product","3":"status-publish","4":"has-post-thumbnail","6":"product_brand-inaba","7":"product_cat-uncategorized","9":"first","10":"instock","11":"taxable","12":"shipping-taxable","13":"purchasable","14":"product-type-simple"},"jetpack_sharing_enabled":true,"_links":{"self":[{"href":"https:\/\/inaba-shop.com\/index.php\/wp-json\/wp\/v2\/product\/615","targetHints":{"allow":["GET"]}}],"collection":[{"href":"https:\/\/inaba-shop.com\/index.php\/wp-json\/wp\/v2\/product"}],"about":[{"href":"https:\/\/inaba-shop.com\/index.php\/wp-json\/wp\/v2\/types\/product"}],"replies":[{"embeddable":true,"href":"https:\/\/inaba-shop.com\/index.php\/wp-json\/wp\/v2\/comments?post=615"}],"wp:featuredmedia":[{"embeddable":true,"href":"https:\/\/inaba-shop.com\/index.php\/wp-json\/wp\/v2\/media\/700"}],"wp:attachment":[{"href":"https:\/\/inaba-shop.com\/index.php\/wp-json\/wp\/v2\/media?parent=615"}],"wp:term":[{"taxonomy":"product_brand","embeddable":true,"href":"https:\/\/inaba-shop.com\/index.php\/wp-json\/wp\/v2\/product_brand?post=615"},{"taxonomy":"product_cat","embeddable":true,"href":"https:\/\/inaba-shop.com\/index.php\/wp-json\/wp\/v2\/product_cat?post=615"},{"taxonomy":"product_tag","embeddable":true,"href":"https:\/\/inaba-shop.com\/index.php\/wp-json\/wp\/v2\/product_tag?post=615"}],"curies":[{"name":"wp","href":"https:\/\/api.w.org\/{rel}","templated":true}]}}