{"id":604,"date":"2026-04-08T09:58:37","date_gmt":"2026-04-08T09:58:37","guid":{"rendered":"https:\/\/inaba-shop.com\/?post_type=product&#038;p=604"},"modified":"2026-04-08T13:39:48","modified_gmt":"2026-04-08T13:39:48","slug":"khimar-resserable","status":"publish","type":"product","link":"https:\/\/inaba-shop.com\/index.php\/produit\/khimar-resserable\/","title":{"rendered":"Khimar resserable"},"content":{"rendered":"<p>Tr\u00e8s belle finition tr\u00e8s propre Bandeau doubl\u00e9 sans couture \u2714\ufe0f On peut le serrer d&#8217;un c\u00f4t\u00e9 si on le souhaite Tr\u00e8s beau tissu de qualit\u00e9 l\u00e9ger et a un bon maintient en plus de sa coupe<\/p>\n","protected":false},"excerpt":{"rendered":"<p>Tr\u00e8s belle finition tr\u00e8s propre Bandeau doubl\u00e9 sans couture \u2714\ufe0f On peut le serrer d&#8217;un c\u00f4t\u00e9 si on le souhaite Tr\u00e8s beau tissu de qualit\u00e9 l\u00e9ger et a un bon maintient en plus de sa coupe<\/p>\n","protected":false},"featured_media":607,"comment_status":"open","ping_status":"closed","template":"","meta":[],"product_brand":[],"product_cat":[23],"product_tag":[],"class_list":{"0":"post-604","1":"product","2":"type-product","3":"status-publish","4":"has-post-thumbnail","6":"product_cat-collection-ete","8":"first","9":"instock","10":"taxable","11":"shipping-taxable","12":"purchasable","13":"product-type-variable"},"jetpack_sharing_enabled":true,"_links":{"self":[{"href":"https:\/\/inaba-shop.com\/index.php\/wp-json\/wp\/v2\/product\/604","targetHints":{"allow":["GET"]}}],"collection":[{"href":"https:\/\/inaba-shop.com\/index.php\/wp-json\/wp\/v2\/product"}],"about":[{"href":"https:\/\/inaba-shop.com\/index.php\/wp-json\/wp\/v2\/types\/product"}],"replies":[{"embeddable":true,"href":"https:\/\/inaba-shop.com\/index.php\/wp-json\/wp\/v2\/comments?post=604"}],"wp:featuredmedia":[{"embeddable":true,"href":"https:\/\/inaba-shop.com\/index.php\/wp-json\/wp\/v2\/media\/607"}],"wp:attachment":[{"href":"https:\/\/inaba-shop.com\/index.php\/wp-json\/wp\/v2\/media?parent=604"}],"wp:term":[{"taxonomy":"product_brand","embeddable":true,"href":"https:\/\/inaba-shop.com\/index.php\/wp-json\/wp\/v2\/product_brand?post=604"},{"taxonomy":"product_cat","embeddable":true,"href":"https:\/\/inaba-shop.com\/index.php\/wp-json\/wp\/v2\/product_cat?post=604"},{"taxonomy":"product_tag","embeddable":true,"href":"https:\/\/inaba-shop.com\/index.php\/wp-json\/wp\/v2\/product_tag?post=604"}],"curies":[{"name":"wp","href":"https:\/\/api.w.org\/{rel}","templated":true}]}}