{"id":594,"date":"2026-04-08T09:56:27","date_gmt":"2026-04-08T09:56:27","guid":{"rendered":"https:\/\/inaba-shop.com\/?post_type=product&#038;p=594"},"modified":"2026-04-08T10:13:13","modified_gmt":"2026-04-08T10:13:13","slug":"ensemble-longue-tunique-avec-sa-jupe","status":"publish","type":"product","link":"https:\/\/inaba-shop.com\/index.php\/produit\/ensemble-longue-tunique-avec-sa-jupe\/","title":{"rendered":"Ensemble longue tunique avec sa jupe"},"content":{"rendered":"<p>Tr\u00e8s beau tissu fluide de qualit\u00e9 ++ en caviary douce fluide et infroissable Longue tunique asym\u00e9trique style faracha avec des boutons ton sur ton Manches larges Jupe \u00e9vas\u00e9e Travail impeccable finition tr\u00e8s propre<\/p>\n","protected":false},"excerpt":{"rendered":"<p>Tr\u00e8s beau tissu fluide de qualit\u00e9 ++ en caviary douce fluide et infroissable Longue tunique asym\u00e9trique style faracha avec des boutons ton sur ton Manches larges Jupe \u00e9vas\u00e9e Travail impeccable finition tr\u00e8s propre<\/p>\n","protected":false},"featured_media":625,"comment_status":"open","ping_status":"closed","template":"","meta":[],"product_brand":[],"product_cat":[23],"product_tag":[],"class_list":{"0":"post-594","1":"product","2":"type-product","3":"status-publish","4":"has-post-thumbnail","6":"product_cat-collection-ete","8":"first","9":"instock","10":"taxable","11":"shipping-taxable","12":"purchasable","13":"product-type-variable"},"jetpack_sharing_enabled":true,"_links":{"self":[{"href":"https:\/\/inaba-shop.com\/index.php\/wp-json\/wp\/v2\/product\/594","targetHints":{"allow":["GET"]}}],"collection":[{"href":"https:\/\/inaba-shop.com\/index.php\/wp-json\/wp\/v2\/product"}],"about":[{"href":"https:\/\/inaba-shop.com\/index.php\/wp-json\/wp\/v2\/types\/product"}],"replies":[{"embeddable":true,"href":"https:\/\/inaba-shop.com\/index.php\/wp-json\/wp\/v2\/comments?post=594"}],"wp:featuredmedia":[{"embeddable":true,"href":"https:\/\/inaba-shop.com\/index.php\/wp-json\/wp\/v2\/media\/625"}],"wp:attachment":[{"href":"https:\/\/inaba-shop.com\/index.php\/wp-json\/wp\/v2\/media?parent=594"}],"wp:term":[{"taxonomy":"product_brand","embeddable":true,"href":"https:\/\/inaba-shop.com\/index.php\/wp-json\/wp\/v2\/product_brand?post=594"},{"taxonomy":"product_cat","embeddable":true,"href":"https:\/\/inaba-shop.com\/index.php\/wp-json\/wp\/v2\/product_cat?post=594"},{"taxonomy":"product_tag","embeddable":true,"href":"https:\/\/inaba-shop.com\/index.php\/wp-json\/wp\/v2\/product_tag?post=594"}],"curies":[{"name":"wp","href":"https:\/\/api.w.org\/{rel}","templated":true}]}}