{"id":536,"date":"2026-02-11T14:51:51","date_gmt":"2026-02-11T14:51:51","guid":{"rendered":"https:\/\/inaba-shop.com\/?post_type=product&#038;p=536"},"modified":"2026-02-17T14:15:25","modified_gmt":"2026-02-17T14:15:25","slug":"nouveau-abaya-de-priere-ample-avec-cape","status":"publish","type":"product","link":"https:\/\/inaba-shop.com\/index.php\/produit\/nouveau-abaya-de-priere-ample-avec-cape\/","title":{"rendered":"Abaya de pri\u00e8re avec cape"},"content":{"rendered":"<div>Ensemble en tissu de haute qualit\u00e9 fluide et l\u00e9ger.<\/div>\n<div><\/div>\n<div>Coupe g\u00e9n\u00e9reuse ample et mastour cache les formes on peut tr\u00e8s bien la mettre pour aller \u00e0 la mosqu\u00e9e \ud83d\udd4c<\/div>\n<div><\/div>\n<div>Grande cagoule int\u00e9gr\u00e9e dot\u00e9e d&#8217;un \u00e9lastique pour s&#8217;adapter au visage.<\/div>\n<div><\/div>\n<div>De plus, la cape \/ Capuche en dentelle est de tr\u00e8s bonne qualit\u00e9.<\/div>\n<div><\/div>\n<div>Taille unique jusqu&#8217;\u00e0 un bon 50 voir plus !!<\/div>\n","protected":false},"excerpt":{"rendered":"<p>Ensemble en tissu de haute qualit\u00e9 fluide et l\u00e9ger. Coupe g\u00e9n\u00e9reuse ample et mastour cache les formes on peut tr\u00e8s bien la mettre pour aller \u00e0 la mosqu\u00e9e \ud83d\udd4c Grande cagoule int\u00e9gr\u00e9e dot\u00e9e d&#8217;un \u00e9lastique pour s&#8217;adapter au visage. De plus, la cape \/ Capuche en dentelle est de tr\u00e8s bonne qualit\u00e9. Taille unique jusqu&#8217;\u00e0 [&hellip;]<\/p>\n","protected":false},"featured_media":537,"comment_status":"open","ping_status":"closed","template":"","meta":[],"product_brand":[26],"product_cat":[21],"product_tag":[29],"class_list":{"0":"post-536","1":"product","2":"type-product","3":"status-publish","4":"has-post-thumbnail","6":"product_brand-inaba","7":"product_cat-collection-ramadan","8":"product_tag-nouveau","10":"first","11":"instock","12":"taxable","13":"shipping-taxable","14":"purchasable","15":"product-type-variable"},"jetpack_sharing_enabled":true,"_links":{"self":[{"href":"https:\/\/inaba-shop.com\/index.php\/wp-json\/wp\/v2\/product\/536","targetHints":{"allow":["GET"]}}],"collection":[{"href":"https:\/\/inaba-shop.com\/index.php\/wp-json\/wp\/v2\/product"}],"about":[{"href":"https:\/\/inaba-shop.com\/index.php\/wp-json\/wp\/v2\/types\/product"}],"replies":[{"embeddable":true,"href":"https:\/\/inaba-shop.com\/index.php\/wp-json\/wp\/v2\/comments?post=536"}],"wp:featuredmedia":[{"embeddable":true,"href":"https:\/\/inaba-shop.com\/index.php\/wp-json\/wp\/v2\/media\/537"}],"wp:attachment":[{"href":"https:\/\/inaba-shop.com\/index.php\/wp-json\/wp\/v2\/media?parent=536"}],"wp:term":[{"taxonomy":"product_brand","embeddable":true,"href":"https:\/\/inaba-shop.com\/index.php\/wp-json\/wp\/v2\/product_brand?post=536"},{"taxonomy":"product_cat","embeddable":true,"href":"https:\/\/inaba-shop.com\/index.php\/wp-json\/wp\/v2\/product_cat?post=536"},{"taxonomy":"product_tag","embeddable":true,"href":"https:\/\/inaba-shop.com\/index.php\/wp-json\/wp\/v2\/product_tag?post=536"}],"curies":[{"name":"wp","href":"https:\/\/api.w.org\/{rel}","templated":true}]}}