{"id":373,"date":"2026-01-29T09:39:06","date_gmt":"2026-01-29T09:39:06","guid":{"rendered":"https:\/\/inaba-shop.com\/?post_type=product&#038;p=373"},"modified":"2026-04-30T08:53:10","modified_gmt":"2026-04-30T08:53:10","slug":"robe-abaya-double-manches-a-froufrou","status":"publish","type":"product","link":"https:\/\/inaba-shop.com\/index.php\/produit\/robe-abaya-double-manches-a-froufrou\/","title":{"rendered":"Robe abaya double manches \u00e0 froufrou"},"content":{"rendered":"<p>Abaya de qualit\u00e9 en cr\u00eape froiss\u00e9 L\u00e9g\u00e8re, fluide et tr\u00e8s agr\u00e9able \u00e0 porter Col rond , fronc\u00e9e au buste et au dos Double manche \u00e0 froufrou La robe est cloche et mastour Finition ++ Long khimar bandeau doubl\u00e9 plus long derri\u00e8re que devant Vendu avec ou sans khimar Finition parfaite<\/p>\n","protected":false},"excerpt":{"rendered":"<p>Abaya de qualit\u00e9 en cr\u00eape froiss\u00e9 L\u00e9g\u00e8re, fluide et tr\u00e8s agr\u00e9able \u00e0 porter Col rond , fronc\u00e9e au buste et au dos Double manche \u00e0 froufrou La robe est cloche et mastour Finition ++ Long khimar bandeau doubl\u00e9 plus long derri\u00e8re que devant Vendu avec ou sans khimar Finition parfaite<\/p>\n","protected":false},"featured_media":692,"comment_status":"open","ping_status":"closed","template":"","meta":[],"product_brand":[26],"product_cat":[21,23],"product_tag":[29],"class_list":{"0":"post-373","1":"product","2":"type-product","3":"status-publish","4":"has-post-thumbnail","6":"product_brand-inaba","7":"product_cat-collection-ramadan","8":"product_cat-collection-ete","9":"product_tag-nouveau","11":"first","12":"instock","13":"taxable","14":"shipping-taxable","15":"purchasable","16":"product-type-variable"},"jetpack_sharing_enabled":true,"_links":{"self":[{"href":"https:\/\/inaba-shop.com\/index.php\/wp-json\/wp\/v2\/product\/373","targetHints":{"allow":["GET"]}}],"collection":[{"href":"https:\/\/inaba-shop.com\/index.php\/wp-json\/wp\/v2\/product"}],"about":[{"href":"https:\/\/inaba-shop.com\/index.php\/wp-json\/wp\/v2\/types\/product"}],"replies":[{"embeddable":true,"href":"https:\/\/inaba-shop.com\/index.php\/wp-json\/wp\/v2\/comments?post=373"}],"wp:featuredmedia":[{"embeddable":true,"href":"https:\/\/inaba-shop.com\/index.php\/wp-json\/wp\/v2\/media\/692"}],"wp:attachment":[{"href":"https:\/\/inaba-shop.com\/index.php\/wp-json\/wp\/v2\/media?parent=373"}],"wp:term":[{"taxonomy":"product_brand","embeddable":true,"href":"https:\/\/inaba-shop.com\/index.php\/wp-json\/wp\/v2\/product_brand?post=373"},{"taxonomy":"product_cat","embeddable":true,"href":"https:\/\/inaba-shop.com\/index.php\/wp-json\/wp\/v2\/product_cat?post=373"},{"taxonomy":"product_tag","embeddable":true,"href":"https:\/\/inaba-shop.com\/index.php\/wp-json\/wp\/v2\/product_tag?post=373"}],"curies":[{"name":"wp","href":"https:\/\/api.w.org\/{rel}","templated":true}]}}