{"id":288,"date":"2026-01-22T15:14:20","date_gmt":"2026-01-22T15:14:20","guid":{"rendered":"https:\/\/inaba-shop.com\/?post_type=product&#038;p=288"},"modified":"2026-02-11T12:56:50","modified_gmt":"2026-02-11T12:56:50","slug":"robe-abaya-camel","status":"publish","type":"product","link":"https:\/\/inaba-shop.com\/index.php\/produit\/robe-abaya-camel\/","title":{"rendered":"Robe abaya camel"},"content":{"rendered":"<p>Robe abaya Camel ,tr\u00e8s beau model Deux poches int\u00e9gr\u00e9s Vrais boutons \u00c9vas\u00e9.<\/p>\n<p>Taille xl<\/p>\n<p>Couleur Abricot<\/p>\n","protected":false},"excerpt":{"rendered":"<p>Robe abaya Camel ,tr\u00e8s beau model Deux poches int\u00e9gr\u00e9s Vrais boutons \u00c9vas\u00e9. Taille xl Couleur Abricot<\/p>\n","protected":false},"featured_media":475,"comment_status":"open","ping_status":"closed","template":"","meta":[],"product_brand":[26],"product_cat":[23,21],"product_tag":[],"class_list":{"0":"post-288","1":"product","2":"type-product","3":"status-publish","4":"has-post-thumbnail","6":"product_brand-inaba","7":"product_cat-collection-ete","8":"product_cat-collection-ramadan","10":"first","11":"instock","12":"taxable","13":"shipping-taxable","14":"purchasable","15":"product-type-simple"},"jetpack_sharing_enabled":true,"_links":{"self":[{"href":"https:\/\/inaba-shop.com\/index.php\/wp-json\/wp\/v2\/product\/288","targetHints":{"allow":["GET"]}}],"collection":[{"href":"https:\/\/inaba-shop.com\/index.php\/wp-json\/wp\/v2\/product"}],"about":[{"href":"https:\/\/inaba-shop.com\/index.php\/wp-json\/wp\/v2\/types\/product"}],"replies":[{"embeddable":true,"href":"https:\/\/inaba-shop.com\/index.php\/wp-json\/wp\/v2\/comments?post=288"}],"wp:featuredmedia":[{"embeddable":true,"href":"https:\/\/inaba-shop.com\/index.php\/wp-json\/wp\/v2\/media\/475"}],"wp:attachment":[{"href":"https:\/\/inaba-shop.com\/index.php\/wp-json\/wp\/v2\/media?parent=288"}],"wp:term":[{"taxonomy":"product_brand","embeddable":true,"href":"https:\/\/inaba-shop.com\/index.php\/wp-json\/wp\/v2\/product_brand?post=288"},{"taxonomy":"product_cat","embeddable":true,"href":"https:\/\/inaba-shop.com\/index.php\/wp-json\/wp\/v2\/product_cat?post=288"},{"taxonomy":"product_tag","embeddable":true,"href":"https:\/\/inaba-shop.com\/index.php\/wp-json\/wp\/v2\/product_tag?post=288"}],"curies":[{"name":"wp","href":"https:\/\/api.w.org\/{rel}","templated":true}]}}