{"id":230,"date":"2026-01-21T10:24:18","date_gmt":"2026-01-21T10:24:18","guid":{"rendered":"https:\/\/inaba-shop.com\/?post_type=product&#038;p=230"},"modified":"2026-02-11T13:32:53","modified_gmt":"2026-02-11T13:32:53","slug":"robe-abaya-hiver-coupe-large","status":"publish","type":"product","link":"https:\/\/inaba-shop.com\/index.php\/produit\/robe-abaya-hiver-coupe-large\/","title":{"rendered":"Robe abaya hiver coupe large"},"content":{"rendered":"<p>Tissu d&#8217;hiver doux et tient au chaud Coupe large avec des boutons \u00e0 pressions Manche droit Robe large con\u00e7u avec un tissu de qualit\u00e9 doux,fluide et tient au chaud Boutons \u00e0 pression id\u00e9al allaitement Poignet serr\u00e9 Coupe g\u00e9n\u00e9reuse bien ample Tr\u00e8s bonne qualit\u00e9 Taille unique convient pour 38 \u00e0 50<\/p>\n","protected":false},"excerpt":{"rendered":"<p>Tissu d&#8217;hiver doux et tient au chaud Coupe large avec des boutons \u00e0 pressions Manche droit Robe large con\u00e7u avec un tissu de qualit\u00e9 doux,fluide et tient au chaud Boutons \u00e0 pression id\u00e9al allaitement Poignet serr\u00e9 Coupe g\u00e9n\u00e9reuse bien ample Tr\u00e8s bonne qualit\u00e9 Taille unique convient pour 38 \u00e0 50<\/p>\n","protected":false},"featured_media":233,"comment_status":"open","ping_status":"closed","template":"","meta":[],"product_brand":[26],"product_cat":[22],"product_tag":[],"class_list":{"0":"post-230","1":"product","2":"type-product","3":"status-publish","4":"has-post-thumbnail","6":"product_brand-inaba","7":"product_cat-collection-hiver","9":"first","10":"instock","11":"taxable","12":"shipping-taxable","13":"purchasable","14":"product-type-variable"},"jetpack_sharing_enabled":true,"_links":{"self":[{"href":"https:\/\/inaba-shop.com\/index.php\/wp-json\/wp\/v2\/product\/230","targetHints":{"allow":["GET"]}}],"collection":[{"href":"https:\/\/inaba-shop.com\/index.php\/wp-json\/wp\/v2\/product"}],"about":[{"href":"https:\/\/inaba-shop.com\/index.php\/wp-json\/wp\/v2\/types\/product"}],"replies":[{"embeddable":true,"href":"https:\/\/inaba-shop.com\/index.php\/wp-json\/wp\/v2\/comments?post=230"}],"wp:featuredmedia":[{"embeddable":true,"href":"https:\/\/inaba-shop.com\/index.php\/wp-json\/wp\/v2\/media\/233"}],"wp:attachment":[{"href":"https:\/\/inaba-shop.com\/index.php\/wp-json\/wp\/v2\/media?parent=230"}],"wp:term":[{"taxonomy":"product_brand","embeddable":true,"href":"https:\/\/inaba-shop.com\/index.php\/wp-json\/wp\/v2\/product_brand?post=230"},{"taxonomy":"product_cat","embeddable":true,"href":"https:\/\/inaba-shop.com\/index.php\/wp-json\/wp\/v2\/product_cat?post=230"},{"taxonomy":"product_tag","embeddable":true,"href":"https:\/\/inaba-shop.com\/index.php\/wp-json\/wp\/v2\/product_tag?post=230"}],"curies":[{"name":"wp","href":"https:\/\/api.w.org\/{rel}","templated":true}]}}