{"id":218,"date":"2026-01-21T09:50:34","date_gmt":"2026-01-21T09:50:34","guid":{"rendered":"https:\/\/inaba-shop.com\/?post_type=product&#038;p=218"},"modified":"2026-02-13T16:43:46","modified_gmt":"2026-02-13T16:43:46","slug":"robe-pull-oversize-hiver","status":"publish","type":"product","link":"https:\/\/inaba-shop.com\/index.php\/produit\/robe-pull-oversize-hiver\/","title":{"rendered":"Robe pull oversize hiver"},"content":{"rendered":"<p>Mod\u00e8le en viscose de tr\u00e8s bonne qualit\u00e9 tissu respirant l\u00e9ger et doux tient au chaud et confortable Deux poches int\u00e9gr\u00e9s Coupe large et confortable Manches ballon Boutons au niveau du buste et poignets. Tissu viscose tissu l\u00e9ger respirant et non du polyester Tr\u00e8s belle qualit\u00e9 mod\u00e8le cr\u00e9ation unique vous ne le verrez nul part \ud83e\udd70<\/p>\n<p>Taille XL<\/p>\n","protected":false},"excerpt":{"rendered":"<p>Mod\u00e8le en viscose de tr\u00e8s bonne qualit\u00e9 tissu respirant l\u00e9ger et doux tient au chaud et confortable Deux poches int\u00e9gr\u00e9s Coupe large et confortable Manches ballon Boutons au niveau du buste et poignets. Tissu viscose tissu l\u00e9ger respirant et non du polyester Tr\u00e8s belle qualit\u00e9 mod\u00e8le cr\u00e9ation unique vous ne le verrez nul part \ud83e\udd70 [&hellip;]<\/p>\n","protected":false},"featured_media":567,"comment_status":"open","ping_status":"closed","template":"","meta":[],"product_brand":[26],"product_cat":[22],"product_tag":[29],"class_list":{"0":"post-218","1":"product","2":"type-product","3":"status-publish","4":"has-post-thumbnail","6":"product_brand-inaba","7":"product_cat-collection-hiver","8":"product_tag-nouveau","10":"first","11":"instock","12":"taxable","13":"shipping-taxable","14":"purchasable","15":"product-type-variable"},"jetpack_sharing_enabled":true,"_links":{"self":[{"href":"https:\/\/inaba-shop.com\/index.php\/wp-json\/wp\/v2\/product\/218","targetHints":{"allow":["GET"]}}],"collection":[{"href":"https:\/\/inaba-shop.com\/index.php\/wp-json\/wp\/v2\/product"}],"about":[{"href":"https:\/\/inaba-shop.com\/index.php\/wp-json\/wp\/v2\/types\/product"}],"replies":[{"embeddable":true,"href":"https:\/\/inaba-shop.com\/index.php\/wp-json\/wp\/v2\/comments?post=218"}],"wp:featuredmedia":[{"embeddable":true,"href":"https:\/\/inaba-shop.com\/index.php\/wp-json\/wp\/v2\/media\/567"}],"wp:attachment":[{"href":"https:\/\/inaba-shop.com\/index.php\/wp-json\/wp\/v2\/media?parent=218"}],"wp:term":[{"taxonomy":"product_brand","embeddable":true,"href":"https:\/\/inaba-shop.com\/index.php\/wp-json\/wp\/v2\/product_brand?post=218"},{"taxonomy":"product_cat","embeddable":true,"href":"https:\/\/inaba-shop.com\/index.php\/wp-json\/wp\/v2\/product_cat?post=218"},{"taxonomy":"product_tag","embeddable":true,"href":"https:\/\/inaba-shop.com\/index.php\/wp-json\/wp\/v2\/product_tag?post=218"}],"curies":[{"name":"wp","href":"https:\/\/api.w.org\/{rel}","templated":true}]}}