{"id":205,"date":"2026-01-21T08:39:59","date_gmt":"2026-01-21T08:39:59","guid":{"rendered":"https:\/\/inaba-shop.com\/?post_type=product&#038;p=205"},"modified":"2026-02-11T14:04:23","modified_gmt":"2026-02-11T14:04:23","slug":"sweet-a-capuche-avec-son-pantalon","status":"publish","type":"product","link":"https:\/\/inaba-shop.com\/index.php\/produit\/sweet-a-capuche-avec-son-pantalon\/","title":{"rendered":"Sweet \u00e0 capuche avec son pantalon"},"content":{"rendered":"<p>Tr\u00e8s beau ensemble compos\u00e9 de : Un long sweet \u00e0 capuche asym\u00e9trique un peu long derri\u00e8re que devant Pantalon avec une tr\u00e8s belle finition Le tissu est impeccable Tr\u00e8s confortable<\/p>\n","protected":false},"excerpt":{"rendered":"<p>Tr\u00e8s beau ensemble compos\u00e9 de : Un long sweet \u00e0 capuche asym\u00e9trique un peu long derri\u00e8re que devant Pantalon avec une tr\u00e8s belle finition Le tissu est impeccable Tr\u00e8s confortable<\/p>\n","protected":false},"featured_media":506,"comment_status":"open","ping_status":"closed","template":"","meta":[],"product_brand":[26],"product_cat":[25],"product_tag":[],"class_list":{"0":"post-205","1":"product","2":"type-product","3":"status-publish","4":"has-post-thumbnail","6":"product_brand-inaba","7":"product_cat-sport","9":"first","10":"instock","11":"taxable","12":"shipping-taxable","13":"purchasable","14":"product-type-variable"},"jetpack_sharing_enabled":true,"_links":{"self":[{"href":"https:\/\/inaba-shop.com\/index.php\/wp-json\/wp\/v2\/product\/205","targetHints":{"allow":["GET"]}}],"collection":[{"href":"https:\/\/inaba-shop.com\/index.php\/wp-json\/wp\/v2\/product"}],"about":[{"href":"https:\/\/inaba-shop.com\/index.php\/wp-json\/wp\/v2\/types\/product"}],"replies":[{"embeddable":true,"href":"https:\/\/inaba-shop.com\/index.php\/wp-json\/wp\/v2\/comments?post=205"}],"wp:featuredmedia":[{"embeddable":true,"href":"https:\/\/inaba-shop.com\/index.php\/wp-json\/wp\/v2\/media\/506"}],"wp:attachment":[{"href":"https:\/\/inaba-shop.com\/index.php\/wp-json\/wp\/v2\/media?parent=205"}],"wp:term":[{"taxonomy":"product_brand","embeddable":true,"href":"https:\/\/inaba-shop.com\/index.php\/wp-json\/wp\/v2\/product_brand?post=205"},{"taxonomy":"product_cat","embeddable":true,"href":"https:\/\/inaba-shop.com\/index.php\/wp-json\/wp\/v2\/product_cat?post=205"},{"taxonomy":"product_tag","embeddable":true,"href":"https:\/\/inaba-shop.com\/index.php\/wp-json\/wp\/v2\/product_tag?post=205"}],"curies":[{"name":"wp","href":"https:\/\/api.w.org\/{rel}","templated":true}]}}