{"id":122,"date":"2026-01-18T16:11:16","date_gmt":"2026-01-18T16:11:16","guid":{"rendered":"https:\/\/inaba-shop.com\/?post_type=product&#038;p=122"},"modified":"2026-02-11T14:11:16","modified_gmt":"2026-02-11T14:11:16","slug":"model-3","status":"publish","type":"product","link":"https:\/\/inaba-shop.com\/index.php\/produit\/model-3\/","title":{"rendered":"Ensemble Robe abaya"},"content":{"rendered":"<p>Magnifique ensemble abaya plus sous robe tr\u00e8s chic pour toutes vos occasions Abaya avec une tr\u00e8s belle coupe \u00e9l\u00e9gante bien cloche con\u00e7u avec un tissu en lin l\u00e9ger et opaque de bonne qualit\u00e9 Sous robe r\u00e9alis\u00e9e avec un tissu l\u00e9ger et respirant qui ne colle pas La coupe est g\u00e9n\u00e9reuse bien cloche Le mod\u00e8le convient tr\u00e8s bien pour les s\u0153urs grandes de tailles<\/p>\n","protected":false},"excerpt":{"rendered":"<p>Magnifique ensemble abaya plus sous robe tr\u00e8s chic pour toutes vos occasions Abaya avec une tr\u00e8s belle coupe \u00e9l\u00e9gante bien cloche con\u00e7u avec un tissu en lin l\u00e9ger et opaque de bonne qualit\u00e9 Sous robe r\u00e9alis\u00e9e avec un tissu l\u00e9ger et respirant qui ne colle pas La coupe est g\u00e9n\u00e9reuse bien cloche Le mod\u00e8le convient [&hellip;]<\/p>\n","protected":false},"featured_media":515,"comment_status":"open","ping_status":"closed","template":"","meta":[],"product_brand":[26],"product_cat":[23,21],"product_tag":[],"class_list":{"0":"post-122","1":"product","2":"type-product","3":"status-publish","4":"has-post-thumbnail","6":"product_brand-inaba","7":"product_cat-collection-ete","8":"product_cat-collection-ramadan","10":"first","11":"instock","12":"taxable","13":"shipping-taxable","14":"purchasable","15":"product-type-variable"},"jetpack_sharing_enabled":true,"_links":{"self":[{"href":"https:\/\/inaba-shop.com\/index.php\/wp-json\/wp\/v2\/product\/122","targetHints":{"allow":["GET"]}}],"collection":[{"href":"https:\/\/inaba-shop.com\/index.php\/wp-json\/wp\/v2\/product"}],"about":[{"href":"https:\/\/inaba-shop.com\/index.php\/wp-json\/wp\/v2\/types\/product"}],"replies":[{"embeddable":true,"href":"https:\/\/inaba-shop.com\/index.php\/wp-json\/wp\/v2\/comments?post=122"}],"wp:featuredmedia":[{"embeddable":true,"href":"https:\/\/inaba-shop.com\/index.php\/wp-json\/wp\/v2\/media\/515"}],"wp:attachment":[{"href":"https:\/\/inaba-shop.com\/index.php\/wp-json\/wp\/v2\/media?parent=122"}],"wp:term":[{"taxonomy":"product_brand","embeddable":true,"href":"https:\/\/inaba-shop.com\/index.php\/wp-json\/wp\/v2\/product_brand?post=122"},{"taxonomy":"product_cat","embeddable":true,"href":"https:\/\/inaba-shop.com\/index.php\/wp-json\/wp\/v2\/product_cat?post=122"},{"taxonomy":"product_tag","embeddable":true,"href":"https:\/\/inaba-shop.com\/index.php\/wp-json\/wp\/v2\/product_tag?post=122"}],"curies":[{"name":"wp","href":"https:\/\/api.w.org\/{rel}","templated":true}]}}