{"id":121,"date":"2026-01-18T16:10:42","date_gmt":"2026-01-18T16:10:42","guid":{"rendered":"https:\/\/inaba-shop.com\/?post_type=product&#038;p=121"},"modified":"2026-02-13T17:05:53","modified_gmt":"2026-02-13T17:05:53","slug":"model-2","status":"publish","type":"product","link":"https:\/\/inaba-shop.com\/index.php\/produit\/model-2\/","title":{"rendered":"Abaya kimono avec son khimar"},"content":{"rendered":"<p>Beau mod\u00e8l \u00e9l\u00e9gant et mastour . Abaya de tr\u00e8s bonne qualit\u00e9 tissu cr\u00eape un peu \u00e9pais S&#8217;ouvre avec une fermeture zip on peut la mettre comme un kimono Col chemise Manches bouffantes Deux poches lat\u00e9rales Khimar bien couvrant Le tissu ne colle pas en marchant et cache les formes ne s&#8217;ab\u00eeme pas aux lavages<\/p>\n","protected":false},"excerpt":{"rendered":"<p>Beau mod\u00e8l \u00e9l\u00e9gant et mastour . Abaya de tr\u00e8s bonne qualit\u00e9 tissu cr\u00eape un peu \u00e9pais S&#8217;ouvre avec une fermeture zip on peut la mettre comme un kimono Col chemise Manches bouffantes Deux poches lat\u00e9rales Khimar bien couvrant Le tissu ne colle pas en marchant et cache les formes ne s&#8217;ab\u00eeme pas aux lavages<\/p>\n","protected":false},"featured_media":568,"comment_status":"open","ping_status":"closed","template":"","meta":[],"product_brand":[26],"product_cat":[23,22],"product_tag":[],"class_list":{"0":"post-121","1":"product","2":"type-product","3":"status-publish","4":"has-post-thumbnail","6":"product_brand-inaba","7":"product_cat-collection-ete","8":"product_cat-collection-hiver","10":"first","11":"instock","12":"taxable","13":"shipping-taxable","14":"purchasable","15":"product-type-variable"},"jetpack_sharing_enabled":true,"_links":{"self":[{"href":"https:\/\/inaba-shop.com\/index.php\/wp-json\/wp\/v2\/product\/121","targetHints":{"allow":["GET"]}}],"collection":[{"href":"https:\/\/inaba-shop.com\/index.php\/wp-json\/wp\/v2\/product"}],"about":[{"href":"https:\/\/inaba-shop.com\/index.php\/wp-json\/wp\/v2\/types\/product"}],"replies":[{"embeddable":true,"href":"https:\/\/inaba-shop.com\/index.php\/wp-json\/wp\/v2\/comments?post=121"}],"wp:featuredmedia":[{"embeddable":true,"href":"https:\/\/inaba-shop.com\/index.php\/wp-json\/wp\/v2\/media\/568"}],"wp:attachment":[{"href":"https:\/\/inaba-shop.com\/index.php\/wp-json\/wp\/v2\/media?parent=121"}],"wp:term":[{"taxonomy":"product_brand","embeddable":true,"href":"https:\/\/inaba-shop.com\/index.php\/wp-json\/wp\/v2\/product_brand?post=121"},{"taxonomy":"product_cat","embeddable":true,"href":"https:\/\/inaba-shop.com\/index.php\/wp-json\/wp\/v2\/product_cat?post=121"},{"taxonomy":"product_tag","embeddable":true,"href":"https:\/\/inaba-shop.com\/index.php\/wp-json\/wp\/v2\/product_tag?post=121"}],"curies":[{"name":"wp","href":"https:\/\/api.w.org\/{rel}","templated":true}]}}